{"id":1095,"date":"2017-06-12T09:50:22","date_gmt":"2017-06-12T07:50:22","guid":{"rendered":"https:\/\/www.arbios.org\/?page_id=1095\/"},"modified":"2017-06-12T10:08:59","modified_gmt":"2017-06-12T08:08:59","slug":"1095-2","status":"publish","type":"page","link":"https:\/\/www.arbios.org\/en\/1095-2\/","title":{"rendered":"Health"},"content":{"rendered":"<div class=\"wpb-content-wrapper\"><p>[vc_row][vc_column][vc_column_text]<\/p>\n<h1>Health<\/h1>\n<p>[\/vc_column_text][vc_column_text]<\/p>\n<h3>A sector structured around top-level expertise<\/h3>\n<p>[\/vc_column_text][vc_row_inner el_class=&#8221;edito&#8221;][vc_column_inner width=&#8221;1\/2&#8243;][vc_column_text]The Health sector in Auvergne is organised around five clusters or competitiveness centres that rely on the expertise from Universit\u00e9 Clermont Auvergne, INRA, SIGMA Clermont, VetAgro Sup and Clermont-Ferrand CHU Teaching Hospital. A pool of a hundred or so companies employs 4,300 people in businesses set up in Auvergne (excluding major groups).<\/p>\n<p>In four years, the health clusters have initiated 31 projects, 12 of which funded by research sector grants, 4 by technology transfer innovation grants and 15 joint projects aimed at developing products and services close to the market.<\/p>\n<p>The five clusters and competitiveness centres have helped to form the F\u00e9d\u00e9ration Sant\u00e9 Mobilit\u00e9 [Health &amp; Mobility Federation] which aims to give the Auvergne health sector a strategic position with a view to &#8220;making the new Auvergne Rh\u00f4ne-Alpes region the European leader for life-long personal mobility mainly by working on personalised prevention and care\u201d.[\/vc_column_text][\/vc_column_inner][vc_column_inner width=&#8221;1\/2&#8221;][vc_column_text]This approach is one of the five Strategic Innovation Areas (SIA) within the scope of the Smart Specialization Strategy (S3) identified for Auvergne, namely prevention, health and comfortable life (speed up the marketing of products and services designed for health prevention and improving the life of patients).<\/p>\n<p>By relying on the assets of the Auvergne-Rh\u00f4ne-Alpes region: (nutrition and prevention of chronic diseases, the musculoskeletal system and microbiota in Auvergne | Nutrition and management of chronic and cardiometabolic diseases in Rh\u00f4ne-Alpes), the Health and Mobility Federation is targeting:<\/p>\n<ul>\n<li>15 joint innovative projects a year<\/li>\n<li>2 international partnerships a year<\/li>\n<li>The set up of 14 startups in four years<\/li>\n<li>The creation of 300 jobs in four years<\/li>\n<\/ul>\n<p>[\/vc_column_text][\/vc_column_inner][\/vc_row_inner][vc_empty_space height=&#8221;30px&#8221;][\/vc_column][\/vc_row][vc_row el_class=&#8221;blocs-sante&#8221;][vc_column width=&#8221;1\/3&#8243; el_class=&#8221;bloc-picto bloc-rose&#8221;][vc_single_image image=&#8221;311&#8243; img_size=&#8221;&#8221; alignment=&#8221;center&#8221;][vc_column_text]<\/p>\n<h4>Pain<\/h4>\n<p>[\/vc_column_text][vc_column_text el_class=&#8221;txt-presentation&#8221;]Development of new treatment solutions and new tools to work against pain and thereby restore patients\u2019 mobility.[\/vc_column_text][vc_single_image image=&#8221;339&#8243; img_size=&#8221;&#8221; alignment=&#8221;center&#8221; el_class=&#8221;bloc-contenu-logo&#8221;][\/vc_column][vc_column width=&#8221;1\/3&#8243; el_class=&#8221;bloc-picto bloc-orange&#8221;][vc_single_image image=&#8221;312&#8243; img_size=&#8221;&#8221; alignment=&#8221;center&#8221;][vc_column_text]<\/p>\n<h4>Diet<\/h4>\n<p>[\/vc_column_text][vc_column_text el_class=&#8221;txt-presentation&#8221;]Production of healthy, varied and balanced food contributing to the prevention of metabolic diseases.[\/vc_column_text][vc_single_image image=&#8221;204&#8243; img_size=&#8221;&#8221; alignment=&#8221;center&#8221; el_class=&#8221;bloc-contenu-logo&#8221;][\/vc_column][vc_column width=&#8221;1\/3&#8243; el_class=&#8221;bloc-picto bloc-marron&#8221;][vc_single_image image=&#8221;313&#8243; img_size=&#8221;&#8221; alignment=&#8221;center&#8221;][vc_column_text]<\/p>\n<h4>Nutrition<\/h4>\n<p>[\/vc_column_text][vc_column_text el_class=&#8221;txt-presentation&#8221;]Development of innovative nutritional products validated pre-clinically and\/or clinically to optimise bone and muscle health.[\/vc_column_text][vc_single_image image=&#8221;205&#8243; img_size=&#8221;&#8221; alignment=&#8221;center&#8221; el_class=&#8221;bloc-contenu-logo&#8221;][\/vc_column][\/vc_row][vc_row el_class=&#8221;blocs-sante&#8221;][vc_column width=&#8221;1\/3&#8243; el_class=&#8221;bloc-picto bloc-vert&#8221;][vc_single_image image=&#8221;314&#8243; img_size=&#8221;&#8221; alignment=&#8221;center&#8221;][vc_column_text]<\/p>\n<h4>Microbiota<\/h4>\n<p>[\/vc_column_text][vc_column_text el_class=&#8221;txt-presentation&#8221;]Studying the influence of the microbiota in inflammation and associated pain in diseases affecting mobility such as osteoarthritis and rheumatoid arthritis.[\/vc_column_text][vc_single_image image=&#8221;211&#8243; img_size=&#8221;&#8221; alignment=&#8221;center&#8221; el_class=&#8221;bloc-contenu-logo&#8221;][\/vc_column][vc_column width=&#8221;1\/3&#8243; el_class=&#8221;bloc-picto bloc-bleu&#8221;][vc_single_image image=&#8221;315&#8243; img_size=&#8221;&#8221; alignment=&#8221;center&#8221;][vc_column_text]<\/p>\n<h4>Balneology<\/h4>\n<p>[\/vc_column_text][vc_column_text el_class=&#8221;txt-presentation&#8221;]Development of health prevention programmes in spas centred on customised, personal care.[\/vc_column_text][vc_single_image image=&#8221;210&#8243; img_size=&#8221;&#8221; alignment=&#8221;center&#8221; el_class=&#8221;bloc-contenu-logo&#8221;][\/vc_column][\/vc_row]<\/p>\n<\/div>","protected":false},"excerpt":{"rendered":"<p>[vc_row][vc_column][vc_column_text] Health [\/vc_column_text][vc_column_text] A sector structured around top-level expertise [\/vc_column_text][vc_row_inner el_class=&#8221;edito&#8221;][vc_column_inner width=&#8221;1\/2&#8243;][vc_column_text]The Health sector in Auvergne is organised around five clusters or competitiveness centres that rely on the expertise from Universit\u00e9 Clermont Auvergne, INRA, SIGMA Clermont, VetAgro Sup and Clermont-Ferrand CHU Teaching Hospital. A pool of a hundred or so companies employs 4,300 people in [&hellip;]<\/p>\n","protected":false},"author":1,"featured_media":0,"parent":0,"menu_order":0,"comment_status":"closed","ping_status":"closed","template":"","meta":{"_acf_changed":false,"footnotes":""},"class_list":["post-1095","page","type-page","status-publish","hentry"],"acf":[],"yoast_head":"<!-- This site is optimized with the Yoast SEO plugin v26.9 - https:\/\/yoast.com\/product\/yoast-seo-wordpress\/ -->\n<title>Health - Arbios<\/title>\n<meta name=\"robots\" content=\"index, follow, max-snippet:-1, max-image-preview:large, max-video-preview:-1\" \/>\n<link rel=\"canonical\" href=\"https:\/\/www.arbios.org\/en\/1095-2\/\" \/>\n<meta property=\"og:locale\" content=\"en_US\" \/>\n<meta property=\"og:type\" content=\"article\" \/>\n<meta property=\"og:title\" content=\"Health - Arbios\" \/>\n<meta property=\"og:description\" content=\"[vc_row][vc_column][vc_column_text] Health [\/vc_column_text][vc_column_text] A sector structured around top-level expertise [\/vc_column_text][vc_row_inner el_class=&#8221;edito&#8221;][vc_column_inner width=&#8221;1\/2&#8243;][vc_column_text]The Health sector in Auvergne is organised around five clusters or competitiveness centres that rely on the expertise from Universit\u00e9 Clermont Auvergne, INRA, SIGMA Clermont, VetAgro Sup and Clermont-Ferrand CHU Teaching Hospital. A pool of a hundred or so companies employs 4,300 people in [&hellip;]\" \/>\n<meta property=\"og:url\" content=\"https:\/\/www.arbios.org\/en\/1095-2\/\" \/>\n<meta property=\"og:site_name\" content=\"Arbios\" \/>\n<meta property=\"article:modified_time\" content=\"2017-06-12T08:08:59+00:00\" \/>\n<meta name=\"twitter:card\" content=\"summary_large_image\" \/>\n<meta name=\"twitter:label1\" content=\"Est. reading time\" \/>\n\t<meta name=\"twitter:data1\" content=\"3 minutes\" \/>\n<script type=\"application\/ld+json\" class=\"yoast-schema-graph\">{\"@context\":\"https:\/\/schema.org\",\"@graph\":[{\"@type\":\"WebPage\",\"@id\":\"https:\/\/www.arbios.org\/en\/1095-2\/\",\"url\":\"https:\/\/www.arbios.org\/en\/1095-2\/\",\"name\":\"Health - Arbios\",\"isPartOf\":{\"@id\":\"https:\/\/www.arbios.org\/#website\"},\"datePublished\":\"2017-06-12T07:50:22+00:00\",\"dateModified\":\"2017-06-12T08:08:59+00:00\",\"breadcrumb\":{\"@id\":\"https:\/\/www.arbios.org\/en\/1095-2\/#breadcrumb\"},\"inLanguage\":\"en-US\",\"potentialAction\":[{\"@type\":\"ReadAction\",\"target\":[\"https:\/\/www.arbios.org\/en\/1095-2\/\"]}]},{\"@type\":\"BreadcrumbList\",\"@id\":\"https:\/\/www.arbios.org\/en\/1095-2\/#breadcrumb\",\"itemListElement\":[{\"@type\":\"ListItem\",\"position\":1,\"name\":\"Accueil\",\"item\":\"https:\/\/www.arbios.org\/en\/\"},{\"@type\":\"ListItem\",\"position\":2,\"name\":\"Health\"}]},{\"@type\":\"WebSite\",\"@id\":\"https:\/\/www.arbios.org\/#website\",\"url\":\"https:\/\/www.arbios.org\/\",\"name\":\"Arbios\",\"description\":\"\",\"potentialAction\":[{\"@type\":\"SearchAction\",\"target\":{\"@type\":\"EntryPoint\",\"urlTemplate\":\"https:\/\/www.arbios.org\/?s={search_term_string}\"},\"query-input\":{\"@type\":\"PropertyValueSpecification\",\"valueRequired\":true,\"valueName\":\"search_term_string\"}}],\"inLanguage\":\"en-US\"}]}<\/script>\n<!-- \/ Yoast SEO plugin. -->","yoast_head_json":{"title":"Health - Arbios","robots":{"index":"index","follow":"follow","max-snippet":"max-snippet:-1","max-image-preview":"max-image-preview:large","max-video-preview":"max-video-preview:-1"},"canonical":"https:\/\/www.arbios.org\/en\/1095-2\/","og_locale":"en_US","og_type":"article","og_title":"Health - Arbios","og_description":"[vc_row][vc_column][vc_column_text] Health [\/vc_column_text][vc_column_text] A sector structured around top-level expertise [\/vc_column_text][vc_row_inner el_class=&#8221;edito&#8221;][vc_column_inner width=&#8221;1\/2&#8243;][vc_column_text]The Health sector in Auvergne is organised around five clusters or competitiveness centres that rely on the expertise from Universit\u00e9 Clermont Auvergne, INRA, SIGMA Clermont, VetAgro Sup and Clermont-Ferrand CHU Teaching Hospital. A pool of a hundred or so companies employs 4,300 people in [&hellip;]","og_url":"https:\/\/www.arbios.org\/en\/1095-2\/","og_site_name":"Arbios","article_modified_time":"2017-06-12T08:08:59+00:00","twitter_card":"summary_large_image","twitter_misc":{"Est. reading time":"3 minutes"},"schema":{"@context":"https:\/\/schema.org","@graph":[{"@type":"WebPage","@id":"https:\/\/www.arbios.org\/en\/1095-2\/","url":"https:\/\/www.arbios.org\/en\/1095-2\/","name":"Health - Arbios","isPartOf":{"@id":"https:\/\/www.arbios.org\/#website"},"datePublished":"2017-06-12T07:50:22+00:00","dateModified":"2017-06-12T08:08:59+00:00","breadcrumb":{"@id":"https:\/\/www.arbios.org\/en\/1095-2\/#breadcrumb"},"inLanguage":"en-US","potentialAction":[{"@type":"ReadAction","target":["https:\/\/www.arbios.org\/en\/1095-2\/"]}]},{"@type":"BreadcrumbList","@id":"https:\/\/www.arbios.org\/en\/1095-2\/#breadcrumb","itemListElement":[{"@type":"ListItem","position":1,"name":"Accueil","item":"https:\/\/www.arbios.org\/en\/"},{"@type":"ListItem","position":2,"name":"Health"}]},{"@type":"WebSite","@id":"https:\/\/www.arbios.org\/#website","url":"https:\/\/www.arbios.org\/","name":"Arbios","description":"","potentialAction":[{"@type":"SearchAction","target":{"@type":"EntryPoint","urlTemplate":"https:\/\/www.arbios.org\/?s={search_term_string}"},"query-input":{"@type":"PropertyValueSpecification","valueRequired":true,"valueName":"search_term_string"}}],"inLanguage":"en-US"}]}},"_links":{"self":[{"href":"https:\/\/www.arbios.org\/en\/wp-json\/wp\/v2\/pages\/1095","targetHints":{"allow":["GET"]}}],"collection":[{"href":"https:\/\/www.arbios.org\/en\/wp-json\/wp\/v2\/pages"}],"about":[{"href":"https:\/\/www.arbios.org\/en\/wp-json\/wp\/v2\/types\/page"}],"author":[{"embeddable":true,"href":"https:\/\/www.arbios.org\/en\/wp-json\/wp\/v2\/users\/1"}],"replies":[{"embeddable":true,"href":"https:\/\/www.arbios.org\/en\/wp-json\/wp\/v2\/comments?post=1095"}],"version-history":[{"count":6,"href":"https:\/\/www.arbios.org\/en\/wp-json\/wp\/v2\/pages\/1095\/revisions"}],"predecessor-version":[{"id":1101,"href":"https:\/\/www.arbios.org\/en\/wp-json\/wp\/v2\/pages\/1095\/revisions\/1101"}],"wp:attachment":[{"href":"https:\/\/www.arbios.org\/en\/wp-json\/wp\/v2\/media?parent=1095"}],"curies":[{"name":"wp","href":"https:\/\/api.w.org\/{rel}","templated":true}]}}