{"id":976,"date":"2017-05-15T17:54:50","date_gmt":"2017-05-15T15:54:50","guid":{"rendered":"https:\/\/www.arbios.org\/?page_id=976\/"},"modified":"2017-06-15T11:09:49","modified_gmt":"2017-06-15T09:09:49","slug":"accueil","status":"publish","type":"page","link":"https:\/\/www.arbios.org\/en\/","title":{"rendered":"Accueil"},"content":{"rendered":"<div class=\"wpb-content-wrapper\"><p>[vc_row][vc_column][vc_gallery interval=&#8221;3&#8243; images=&#8221;1084,1086,1088&#8243; img_size=&#8221;full&#8221; onclick=&#8221;&#8221;][\/vc_column][\/vc_row][vc_row][vc_column][vc_column_text]<\/p>\n<h2>Arbios<\/h2>\n<p>[\/vc_column_text][vc_column_text]<\/p>\n<h3>A network of biosites designed to host and develop activities in the life sciences<\/h3>\n<p>[\/vc_column_text][vc_row_inner el_class=&#8221;edito&#8221;][vc_column_inner width=&#8221;1\/2&#8243;][vc_column_text]70 companies, 1,700 jobs, 25,000 m2 of fully-equipped rental space, close to cutting-edge research and an effective support system: located within a 50-km radius in the northeast of the Auvergne-Rh\u00f4ne-Alpes region, Naturop\u00f4le Nutrition &amp; Health, Bioparc Vichy-Hauterive and Biop\u00f4le Clermont-Limagne form a network of three biosites wholly dedicated to the welcome and success of biotech industry companies.[\/vc_column_text][\/vc_column_inner][vc_column_inner width=&#8221;1\/2&#8243;][vc_column_text]Arbios operates in an ecosystem renowned for its areas of excellence in health and agriculture.\u2028Connect with Arbios and take advantage of a gateway to all the stakeholders relevant to your project: research, higher education, incubation, clusters and competitiveness centres, businesses, backers and public stakeholders.[\/vc_column_text][\/vc_column_inner][\/vc_row_inner][vc_empty_space height=&#8221;25px&#8221;][\/vc_column][\/vc_row][vc_row][vc_column el_class=&#8221;actualites&#8221;][vc_column_text]<\/p>\n<h2>News<\/h2>\n<p>[\/vc_column_text]<div class=\"container list_actus\">\n  <div class=\"row\">\n        <div class=\"col-md-3 col-sm-6 col-xs-12 preview_actus\">\n        <div class=\"description_actu\">\n\t\t\t<span class=\"date_actu\">20-03-2026<\/span>\n\t\t\t<h3>\n\t\t\t  <a class=\"lien_actu\" href=\"https:\/\/www.arbios.org\/en\/the-first-plant-sector-meetings-a-collective-momentum-launched-at-biopole-clermont-limagne-2\/\">The First Plant Sector Meetings: a collective momentum launched at Biop\u00f4le Clermont-Limagne.<\/a>\n\t\t\t<\/h3>\n\t\t<\/div>\n        <a href=\"https:\/\/www.arbios.org\/en\/the-first-plant-sector-meetings-a-collective-momentum-launched-at-biopole-clermont-limagne-2\/\"><img loading=\"lazy\" decoding=\"async\" width=\"290\" height=\"290\" src=\"https:\/\/www.arbios.org\/wp-content\/uploads\/2026\/03\/1-290x290.jpg\" class=\"attachment-thumbnail size-thumbnail wp-post-image\" alt=\"\" \/><\/a>\n      <\/div>\n            <div class=\"col-md-3 col-sm-6 col-xs-12 preview_actus\">\n        <div class=\"description_actu\">\n\t\t\t<span class=\"date_actu\">11-12-2025<\/span>\n\t\t\t<h3>\n\t\t\t  <a class=\"lien_actu\" href=\"https:\/\/www.arbios.org\/en\/le-groupe-icare-rejoint-certania\/\">Icare Group joins Certania<\/a>\n\t\t\t<\/h3>\n\t\t<\/div>\n        <a href=\"https:\/\/www.arbios.org\/en\/le-groupe-icare-rejoint-certania\/\"><img loading=\"lazy\" decoding=\"async\" width=\"290\" height=\"290\" src=\"https:\/\/www.arbios.org\/wp-content\/uploads\/2025\/12\/certania_icare-290x290.jpg\" class=\"attachment-thumbnail size-thumbnail wp-post-image\" alt=\"\" srcset=\"https:\/\/www.arbios.org\/wp-content\/uploads\/2025\/12\/certania_icare-290x290.jpg 290w, https:\/\/www.arbios.org\/wp-content\/uploads\/2025\/12\/certania_icare-350x350.jpg 350w, https:\/\/www.arbios.org\/wp-content\/uploads\/2025\/12\/certania_icare-768x768.jpg 768w, https:\/\/www.arbios.org\/wp-content\/uploads\/2025\/12\/certania_icare.jpg 800w\" sizes=\"auto, (max-width: 290px) 100vw, 290px\" \/><\/a>\n      <\/div>\n            <div class=\"col-md-3 col-sm-6 col-xs-12 preview_actus\">\n        <div class=\"description_actu\">\n\t\t\t<span class=\"date_actu\">07-07-2025<\/span>\n\t\t\t<h3>\n\t\t\t  <a class=\"lien_actu\" href=\"https:\/\/www.arbios.org\/en\/phytosynthese-and-bemipharm-announce-the-availability-of-the-production-area-of-the-new-industrial-site-phytoplant-4-0-at-the-biopole-clermont-limagne\/\">Phytosynthese and Bemipharm announce the availability of the production area of the new industrial site, Phytoplant 4.0, at the Biop\u00f4le Clermont-Limagne.<\/a>\n\t\t\t<\/h3>\n\t\t<\/div>\n        <a href=\"https:\/\/www.arbios.org\/en\/phytosynthese-and-bemipharm-announce-the-availability-of-the-production-area-of-the-new-industrial-site-phytoplant-4-0-at-the-biopole-clermont-limagne\/\"><img loading=\"lazy\" decoding=\"async\" width=\"290\" height=\"290\" src=\"https:\/\/www.arbios.org\/wp-content\/uploads\/2025\/07\/phytosunthese-290x290.png\" class=\"attachment-thumbnail size-thumbnail wp-post-image\" alt=\"\" \/><\/a>\n      <\/div>\n            <div class=\"col-md-3 col-sm-6 col-xs-12 preview_actus\">\n        <div class=\"description_actu\">\n\t\t\t<span class=\"date_actu\">30-06-2025<\/span>\n\t\t\t<h3>\n\t\t\t  <a class=\"lien_actu\" href=\"https:\/\/www.arbios.org\/en\/horee-and-its-fresh-cosmetics-join-the-amazon-sustainability-accelerator-2025\/\">Hor\u00e9e and Its Fresh Cosmetics Join the Amazon Sustainability Accelerator 2025.<\/a>\n\t\t\t<\/h3>\n\t\t<\/div>\n        <a href=\"https:\/\/www.arbios.org\/en\/horee-and-its-fresh-cosmetics-join-the-amazon-sustainability-accelerator-2025\/\"><img loading=\"lazy\" decoding=\"async\" width=\"290\" height=\"290\" src=\"https:\/\/www.arbios.org\/wp-content\/uploads\/2025\/06\/IMG_1362-290x290.jpeg\" class=\"attachment-thumbnail size-thumbnail wp-post-image\" alt=\"\" \/><\/a>\n      <\/div>\n      <\/div><div class=\"row\">      <div class=\"col-md-3 col-sm-6 col-xs-12 preview_actus\">\n        <div class=\"description_actu\">\n\t\t\t<span class=\"date_actu\">03-06-2025<\/span>\n\t\t\t<h3>\n\t\t\t  <a class=\"lien_actu\" href=\"https:\/\/www.arbios.org\/en\/strainchem-and-euroapi-enter-into-a-collaboration-for-liquid-phase-peptide-synthesis\/\">StrainChem and Euroapi enter into a collaboration for liquid-phase peptide synthesis.<\/a>\n\t\t\t<\/h3>\n\t\t<\/div>\n        <a href=\"https:\/\/www.arbios.org\/en\/strainchem-and-euroapi-enter-into-a-collaboration-for-liquid-phase-peptide-synthesis\/\"><img loading=\"lazy\" decoding=\"async\" width=\"290\" height=\"290\" src=\"https:\/\/www.arbios.org\/wp-content\/uploads\/2025\/06\/DSC07344-290x290.jpg\" class=\"attachment-thumbnail size-thumbnail wp-post-image\" alt=\"\" \/><\/a>\n      <\/div>\n            <div class=\"col-md-3 col-sm-6 col-xs-12 preview_actus\">\n        <div class=\"description_actu\">\n\t\t\t<span class=\"date_actu\">05-05-2025<\/span>\n\t\t\t<h3>\n\t\t\t  <a class=\"lien_actu\" href=\"https:\/\/www.arbios.org\/en\/alphanosos-concludes-a-research-partnership-to-explore-plant-based-solutions-for-neurodevelopmental-disorders\/\">Alphanosos concludes a research partnership to explore plant-based solutions for neurodevelopmental disorders.<\/a>\n\t\t\t<\/h3>\n\t\t<\/div>\n        <a href=\"https:\/\/www.arbios.org\/en\/alphanosos-concludes-a-research-partnership-to-explore-plant-based-solutions-for-neurodevelopmental-disorders\/\"><img loading=\"lazy\" decoding=\"async\" width=\"290\" height=\"290\" src=\"https:\/\/www.arbios.org\/wp-content\/uploads\/2025\/05\/illsutr-Alphanosos-Inserm-290x290.png\" class=\"attachment-thumbnail size-thumbnail wp-post-image\" alt=\"\" srcset=\"https:\/\/www.arbios.org\/wp-content\/uploads\/2025\/05\/illsutr-Alphanosos-Inserm-290x290.png 290w, https:\/\/www.arbios.org\/wp-content\/uploads\/2025\/05\/illsutr-Alphanosos-Inserm-300x300.png 300w, https:\/\/www.arbios.org\/wp-content\/uploads\/2025\/05\/illsutr-Alphanosos-Inserm-400x400.png 400w, https:\/\/www.arbios.org\/wp-content\/uploads\/2025\/05\/illsutr-Alphanosos-Inserm-600x600.png 600w\" sizes=\"auto, (max-width: 290px) 100vw, 290px\" \/><\/a>\n      <\/div>\n            <div class=\"col-md-3 col-sm-6 col-xs-12 preview_actus\">\n        <div class=\"description_actu\">\n\t\t\t<span class=\"date_actu\">17-04-2025<\/span>\n\t\t\t<h3>\n\t\t\t  <a class=\"lien_actu\" href=\"https:\/\/www.arbios.org\/en\/greencell-leads-nutritious-a-collaborative-project-for-the-formulation-of-new-functional-and-sustainable-foods-for-nutrition-and-gut-microbiota\/\">Greencell leads NutriTious, a collaborative project for the formulation of new functional and sustainable foods for nutrition and gut microbiota.<\/a>\n\t\t\t<\/h3>\n\t\t<\/div>\n        <a href=\"https:\/\/www.arbios.org\/en\/greencell-leads-nutritious-a-collaborative-project-for-the-formulation-of-new-functional-and-sustainable-foods-for-nutrition-and-gut-microbiota\/\"><img loading=\"lazy\" decoding=\"async\" width=\"290\" height=\"290\" src=\"https:\/\/www.arbios.org\/wp-content\/uploads\/2025\/04\/Design-sans-titre-290x290.png\" class=\"attachment-thumbnail size-thumbnail wp-post-image\" alt=\"\" srcset=\"https:\/\/www.arbios.org\/wp-content\/uploads\/2025\/04\/Design-sans-titre-290x290.png 290w, https:\/\/www.arbios.org\/wp-content\/uploads\/2025\/04\/Design-sans-titre-300x300.png 300w, https:\/\/www.arbios.org\/wp-content\/uploads\/2025\/04\/Design-sans-titre-400x400.png 400w, https:\/\/www.arbios.org\/wp-content\/uploads\/2025\/04\/Design-sans-titre-600x600.png 600w\" sizes=\"auto, (max-width: 290px) 100vw, 290px\" \/><\/a>\n      <\/div>\n            <div class=\"col-md-3 col-sm-6 col-xs-12 preview_actus\">\n        <div class=\"description_actu\">\n\t\t\t<span class=\"date_actu\">17-04-2025<\/span>\n\t\t\t<h3>\n\t\t\t  <a class=\"lien_actu\" href=\"https:\/\/www.arbios.org\/en\/moinet-investit-sur-le-photovoltaique\/\">Moinet Invests in Photovoltaics.<\/a>\n\t\t\t<\/h3>\n\t\t<\/div>\n        <a href=\"https:\/\/www.arbios.org\/en\/moinet-investit-sur-le-photovoltaique\/\"><img loading=\"lazy\" decoding=\"async\" width=\"290\" height=\"290\" src=\"https:\/\/www.arbios.org\/wp-content\/uploads\/2025\/04\/Drone-Panneaux-solaires-Moinet-credit-Studios-302-4-290x290.jpg\" class=\"attachment-thumbnail size-thumbnail wp-post-image\" alt=\"\" srcset=\"https:\/\/www.arbios.org\/wp-content\/uploads\/2025\/04\/Drone-Panneaux-solaires-Moinet-credit-Studios-302-4-290x290.jpg 290w, https:\/\/www.arbios.org\/wp-content\/uploads\/2025\/04\/Drone-Panneaux-solaires-Moinet-credit-Studios-302-4-300x300.jpg 300w, https:\/\/www.arbios.org\/wp-content\/uploads\/2025\/04\/Drone-Panneaux-solaires-Moinet-credit-Studios-302-4-400x400.jpg 400w, https:\/\/www.arbios.org\/wp-content\/uploads\/2025\/04\/Drone-Panneaux-solaires-Moinet-credit-Studios-302-4-600x600.jpg 600w\" sizes=\"auto, (max-width: 290px) 100vw, 290px\" \/><\/a>\n      <\/div>\n      <\/div><div class=\"row\">      <div class=\"col-md-3 col-sm-6 col-xs-12 preview_actus\">\n        <div class=\"description_actu\">\n\t\t\t<span class=\"date_actu\">25-03-2025<\/span>\n\t\t\t<h3>\n\t\t\t  <a class=\"lien_actu\" href=\"https:\/\/www.arbios.org\/en\/carbogen-amcis-obtains-gmp-certification-for-its-sterile-drug-manufacturing-site-in-saint-beauzire\/\">Carbogen AMCIS obtains GMP certification for its sterile drug manufacturing site in Saint-Beauzire.<\/a>\n\t\t\t<\/h3>\n\t\t<\/div>\n        <a href=\"https:\/\/www.arbios.org\/en\/carbogen-amcis-obtains-gmp-certification-for-its-sterile-drug-manufacturing-site-in-saint-beauzire\/\"><img loading=\"lazy\" decoding=\"async\" width=\"290\" height=\"290\" src=\"https:\/\/www.arbios.org\/wp-content\/uploads\/2025\/03\/Photo-Bat-Carbogen-290x290.jpg\" class=\"attachment-thumbnail size-thumbnail wp-post-image\" alt=\"\" srcset=\"https:\/\/www.arbios.org\/wp-content\/uploads\/2025\/03\/Photo-Bat-Carbogen-290x290.jpg 290w, https:\/\/www.arbios.org\/wp-content\/uploads\/2025\/03\/Photo-Bat-Carbogen-350x350.jpg 350w, https:\/\/www.arbios.org\/wp-content\/uploads\/2025\/03\/Photo-Bat-Carbogen-768x767.jpg 768w, https:\/\/www.arbios.org\/wp-content\/uploads\/2025\/03\/Photo-Bat-Carbogen-300x300.jpg 300w, https:\/\/www.arbios.org\/wp-content\/uploads\/2025\/03\/Photo-Bat-Carbogen-400x400.jpg 400w, https:\/\/www.arbios.org\/wp-content\/uploads\/2025\/03\/Photo-Bat-Carbogen-600x600.jpg 600w, https:\/\/www.arbios.org\/wp-content\/uploads\/2025\/03\/Photo-Bat-Carbogen.jpg 856w\" sizes=\"auto, (max-width: 290px) 100vw, 290px\" \/><\/a>\n      <\/div>\n            <div class=\"col-md-3 col-sm-6 col-xs-12 preview_actus\">\n        <div class=\"description_actu\">\n\t\t\t<span class=\"date_actu\">11-03-2025<\/span>\n\t\t\t<h3>\n\t\t\t  <a class=\"lien_actu\" href=\"https:\/\/www.arbios.org\/en\/phytosynthese-is-building-its-new-production-unit-at-the-biopole-clermont-limagne\/\">Phytosynth\u00e8se is building its new production unit at the Biop\u00f4le Clermont-Limagne.<\/a>\n\t\t\t<\/h3>\n\t\t<\/div>\n        <a href=\"https:\/\/www.arbios.org\/en\/phytosynthese-is-building-its-new-production-unit-at-the-biopole-clermont-limagne\/\"><img loading=\"lazy\" decoding=\"async\" width=\"290\" height=\"290\" src=\"https:\/\/www.arbios.org\/wp-content\/uploads\/2025\/03\/Image20250307110000-290x290.jpg\" class=\"attachment-thumbnail size-thumbnail wp-post-image\" alt=\"\" srcset=\"https:\/\/www.arbios.org\/wp-content\/uploads\/2025\/03\/Image20250307110000-290x290.jpg 290w, https:\/\/www.arbios.org\/wp-content\/uploads\/2025\/03\/Image20250307110000-300x300.jpg 300w, https:\/\/www.arbios.org\/wp-content\/uploads\/2025\/03\/Image20250307110000-400x400.jpg 400w, https:\/\/www.arbios.org\/wp-content\/uploads\/2025\/03\/Image20250307110000-600x600.jpg 600w\" sizes=\"auto, (max-width: 290px) 100vw, 290px\" \/><\/a>\n      <\/div>\n            <div class=\"col-md-3 col-sm-6 col-xs-12 preview_actus\">\n        <div class=\"description_actu\">\n\t\t\t<span class=\"date_actu\">07-03-2025<\/span>\n\t\t\t<h3>\n\t\t\t  <a class=\"lien_actu\" href=\"https:\/\/www.arbios.org\/en\/une-nouvelle-identite-visuelle-et-des-projets-pour-jce-biotechnology\/\">A new visual identity and projects for JCE Biotechnology.<\/a>\n\t\t\t<\/h3>\n\t\t<\/div>\n        <a href=\"https:\/\/www.arbios.org\/en\/une-nouvelle-identite-visuelle-et-des-projets-pour-jce-biotechnology\/\"><img loading=\"lazy\" decoding=\"async\" width=\"290\" height=\"290\" src=\"https:\/\/www.arbios.org\/wp-content\/uploads\/2025\/03\/Photo-JCE-Biotechnology-290x290.jpg\" class=\"attachment-thumbnail size-thumbnail wp-post-image\" alt=\"\" srcset=\"https:\/\/www.arbios.org\/wp-content\/uploads\/2025\/03\/Photo-JCE-Biotechnology-290x290.jpg 290w, https:\/\/www.arbios.org\/wp-content\/uploads\/2025\/03\/Photo-JCE-Biotechnology-300x300.jpg 300w, https:\/\/www.arbios.org\/wp-content\/uploads\/2025\/03\/Photo-JCE-Biotechnology-400x400.jpg 400w, https:\/\/www.arbios.org\/wp-content\/uploads\/2025\/03\/Photo-JCE-Biotechnology-600x600.jpg 600w\" sizes=\"auto, (max-width: 290px) 100vw, 290px\" \/><\/a>\n      <\/div>\n          <div class=\"col-md-3 col-sm-6 col-xs-12 more_actus\">\n      <h3>\n        Actualit\u00e9s      <\/h3>\n      <div class=\"icon_actus\"><\/div>\n      <div class=\"excerpt_actus\"><\/div>\n      <div class=\"link_more_actus\">\n        <a href=\"\/en\/actus\">Voir toutes les actus<\/a>\n      <\/div>\n    <\/div>\n  <\/div>\n<\/div>[\/vc_column][\/vc_row]<\/p>\n<\/div>","protected":false},"excerpt":{"rendered":"<p>[vc_row][vc_column][vc_gallery interval=&#8221;3&#8243; images=&#8221;1084,1086,1088&#8243; img_size=&#8221;full&#8221; onclick=&#8221;&#8221;][\/vc_column][\/vc_row][vc_row][vc_column][vc_column_text] Arbios [\/vc_column_text][vc_column_text] A network of biosites designed to host and develop activities in the life sciences [\/vc_column_text][vc_row_inner el_class=&#8221;edito&#8221;][vc_column_inner width=&#8221;1\/2&#8243;][vc_column_text]70 companies, 1,700 jobs, 25,000 m2 of fully-equipped rental space, close to cutting-edge research and an effective support system: located within a 50-km radius in the northeast of the Auvergne-Rh\u00f4ne-Alpes region, Naturop\u00f4le [&hellip;]<\/p>\n","protected":false},"author":1,"featured_media":0,"parent":0,"menu_order":0,"comment_status":"closed","ping_status":"closed","template":"","meta":{"_acf_changed":false,"footnotes":""},"class_list":["post-976","page","type-page","status-publish","hentry"],"acf":[],"yoast_head":"<!-- This site is optimized with the Yoast SEO plugin v26.9 - https:\/\/yoast.com\/product\/yoast-seo-wordpress\/ -->\n<title>Accueil - Arbios<\/title>\n<meta name=\"robots\" content=\"index, follow, max-snippet:-1, max-image-preview:large, max-video-preview:-1\" \/>\n<link rel=\"canonical\" href=\"https:\/\/www.arbios.org\/en\/\" \/>\n<meta property=\"og:locale\" content=\"en_US\" \/>\n<meta property=\"og:type\" content=\"article\" \/>\n<meta property=\"og:title\" content=\"Accueil - Arbios\" \/>\n<meta property=\"og:description\" content=\"[vc_row][vc_column][vc_gallery interval=&#8221;3&#8243; images=&#8221;1084,1086,1088&#8243; img_size=&#8221;full&#8221; onclick=&#8221;&#8221;][\/vc_column][\/vc_row][vc_row][vc_column][vc_column_text] Arbios [\/vc_column_text][vc_column_text] A network of biosites designed to host and develop activities in the life sciences [\/vc_column_text][vc_row_inner el_class=&#8221;edito&#8221;][vc_column_inner width=&#8221;1\/2&#8243;][vc_column_text]70 companies, 1,700 jobs, 25,000 m2 of fully-equipped rental space, close to cutting-edge research and an effective support system: located within a 50-km radius in the northeast of the Auvergne-Rh\u00f4ne-Alpes region, Naturop\u00f4le [&hellip;]\" \/>\n<meta property=\"og:url\" content=\"https:\/\/www.arbios.org\/en\/\" \/>\n<meta property=\"og:site_name\" content=\"Arbios\" \/>\n<meta property=\"article:modified_time\" content=\"2017-06-15T09:09:49+00:00\" \/>\n<meta name=\"twitter:card\" content=\"summary_large_image\" \/>\n<meta name=\"twitter:label1\" content=\"Est. reading time\" \/>\n\t<meta name=\"twitter:data1\" content=\"1 minute\" \/>\n<script type=\"application\/ld+json\" class=\"yoast-schema-graph\">{\"@context\":\"https:\/\/schema.org\",\"@graph\":[{\"@type\":\"WebPage\",\"@id\":\"https:\/\/www.arbios.org\/en\/\",\"url\":\"https:\/\/www.arbios.org\/en\/\",\"name\":\"Accueil - Arbios\",\"isPartOf\":{\"@id\":\"https:\/\/www.arbios.org\/#website\"},\"datePublished\":\"2017-05-15T15:54:50+00:00\",\"dateModified\":\"2017-06-15T09:09:49+00:00\",\"breadcrumb\":{\"@id\":\"https:\/\/www.arbios.org\/en\/#breadcrumb\"},\"inLanguage\":\"en-US\",\"potentialAction\":[{\"@type\":\"ReadAction\",\"target\":[\"https:\/\/www.arbios.org\/en\/\"]}]},{\"@type\":\"BreadcrumbList\",\"@id\":\"https:\/\/www.arbios.org\/en\/#breadcrumb\",\"itemListElement\":[{\"@type\":\"ListItem\",\"position\":1,\"name\":\"Accueil\",\"item\":\"https:\/\/www.arbios.org\/en\/\"},{\"@type\":\"ListItem\",\"position\":2,\"name\":\"Accueil\"}]},{\"@type\":\"WebSite\",\"@id\":\"https:\/\/www.arbios.org\/#website\",\"url\":\"https:\/\/www.arbios.org\/\",\"name\":\"Arbios\",\"description\":\"\",\"potentialAction\":[{\"@type\":\"SearchAction\",\"target\":{\"@type\":\"EntryPoint\",\"urlTemplate\":\"https:\/\/www.arbios.org\/?s={search_term_string}\"},\"query-input\":{\"@type\":\"PropertyValueSpecification\",\"valueRequired\":true,\"valueName\":\"search_term_string\"}}],\"inLanguage\":\"en-US\"}]}<\/script>\n<!-- \/ Yoast SEO plugin. -->","yoast_head_json":{"title":"Accueil - Arbios","robots":{"index":"index","follow":"follow","max-snippet":"max-snippet:-1","max-image-preview":"max-image-preview:large","max-video-preview":"max-video-preview:-1"},"canonical":"https:\/\/www.arbios.org\/en\/","og_locale":"en_US","og_type":"article","og_title":"Accueil - Arbios","og_description":"[vc_row][vc_column][vc_gallery interval=&#8221;3&#8243; images=&#8221;1084,1086,1088&#8243; img_size=&#8221;full&#8221; onclick=&#8221;&#8221;][\/vc_column][\/vc_row][vc_row][vc_column][vc_column_text] Arbios [\/vc_column_text][vc_column_text] A network of biosites designed to host and develop activities in the life sciences [\/vc_column_text][vc_row_inner el_class=&#8221;edito&#8221;][vc_column_inner width=&#8221;1\/2&#8243;][vc_column_text]70 companies, 1,700 jobs, 25,000 m2 of fully-equipped rental space, close to cutting-edge research and an effective support system: located within a 50-km radius in the northeast of the Auvergne-Rh\u00f4ne-Alpes region, Naturop\u00f4le [&hellip;]","og_url":"https:\/\/www.arbios.org\/en\/","og_site_name":"Arbios","article_modified_time":"2017-06-15T09:09:49+00:00","twitter_card":"summary_large_image","twitter_misc":{"Est. reading time":"1 minute"},"schema":{"@context":"https:\/\/schema.org","@graph":[{"@type":"WebPage","@id":"https:\/\/www.arbios.org\/en\/","url":"https:\/\/www.arbios.org\/en\/","name":"Accueil - Arbios","isPartOf":{"@id":"https:\/\/www.arbios.org\/#website"},"datePublished":"2017-05-15T15:54:50+00:00","dateModified":"2017-06-15T09:09:49+00:00","breadcrumb":{"@id":"https:\/\/www.arbios.org\/en\/#breadcrumb"},"inLanguage":"en-US","potentialAction":[{"@type":"ReadAction","target":["https:\/\/www.arbios.org\/en\/"]}]},{"@type":"BreadcrumbList","@id":"https:\/\/www.arbios.org\/en\/#breadcrumb","itemListElement":[{"@type":"ListItem","position":1,"name":"Accueil","item":"https:\/\/www.arbios.org\/en\/"},{"@type":"ListItem","position":2,"name":"Accueil"}]},{"@type":"WebSite","@id":"https:\/\/www.arbios.org\/#website","url":"https:\/\/www.arbios.org\/","name":"Arbios","description":"","potentialAction":[{"@type":"SearchAction","target":{"@type":"EntryPoint","urlTemplate":"https:\/\/www.arbios.org\/?s={search_term_string}"},"query-input":{"@type":"PropertyValueSpecification","valueRequired":true,"valueName":"search_term_string"}}],"inLanguage":"en-US"}]}},"_links":{"self":[{"href":"https:\/\/www.arbios.org\/en\/wp-json\/wp\/v2\/pages\/976","targetHints":{"allow":["GET"]}}],"collection":[{"href":"https:\/\/www.arbios.org\/en\/wp-json\/wp\/v2\/pages"}],"about":[{"href":"https:\/\/www.arbios.org\/en\/wp-json\/wp\/v2\/types\/page"}],"author":[{"embeddable":true,"href":"https:\/\/www.arbios.org\/en\/wp-json\/wp\/v2\/users\/1"}],"replies":[{"embeddable":true,"href":"https:\/\/www.arbios.org\/en\/wp-json\/wp\/v2\/comments?post=976"}],"version-history":[{"count":5,"href":"https:\/\/www.arbios.org\/en\/wp-json\/wp\/v2\/pages\/976\/revisions"}],"predecessor-version":[{"id":1215,"href":"https:\/\/www.arbios.org\/en\/wp-json\/wp\/v2\/pages\/976\/revisions\/1215"}],"wp:attachment":[{"href":"https:\/\/www.arbios.org\/en\/wp-json\/wp\/v2\/media?parent=976"}],"curies":[{"name":"wp","href":"https:\/\/api.w.org\/{rel}","templated":true}]}}