{"id":992,"date":"2017-06-06T10:13:44","date_gmt":"2017-06-06T08:13:44","guid":{"rendered":"https:\/\/www.arbios.org\/?page_id=992\/"},"modified":"2017-06-06T10:13:44","modified_gmt":"2017-06-06T08:13:44","slug":"directory","status":"publish","type":"page","link":"https:\/\/www.arbios.org\/en\/directory\/","title":{"rendered":"Directory"},"content":{"rendered":"<div class=\"wpb-content-wrapper\"><p>[vc_row][vc_column][vc_column_text]<\/p>\n<h1>Directory<\/h1>\n<p>[\/vc_column_text][vc_column_text]<\/p>\n<h3>Search by name and criteria companies and organizations of the ARBIOS network<\/h3>\n<p>[\/vc_column_text][vc_empty_space]<script type=\"text\/javascript\">\n  var _loading = false;\n  function annuaire_pagination(result){\n    var $ = jQuery;\n    if(result != '')\n      $('#more_results').show();\n    \n    $(\"#result_ajax\").append(result);\n    $(\"body\").removeClass(\"loading\");\n    _loading = false;\n  }\n  \n  jQuery(function($){\n    \/\/ ajoute\/retire les champs des cat\u00e9gories dans le formulaire en fonction des s\u00e9lections du menu\n    $(\".categorie_term :input\").click(function(){\n      var _this = $(this);\n      if(_this.is(':checked')){\n        $(\"#search_menu\").append('<input type=\"hidden\" name=\"'+_this.attr('name')+'\" value=\"'+_this.val()+'\" \/>');\n      }\n      else{\n        $('#search_menu :input[name=\"'+_this.attr('name')+'\"][value=\"'+_this.val()+'\"]').remove();\n      }\n      $('#search_menu :input[name=\"start\"]').val('0');\n      $('#more_results').show();\n      $('#search_menu').submit();\n    });\n    \/*\n    \/\/survol d'un thumb\n    $(document).on('hover', '#competences .wrapper_thumb_competence', function(event){\n      if(event.type == 'mouseenter')\n        $(this).find('.thumb_competence_excerpt').animate({ height: \"100%\"}, 1000 );\n      else\n        $(this).find('.thumb_competence_excerpt').animate({ height: 0}, 1000 );\n    });\n    *\/\n    $('#more_results a').click(function(e) {\n      e.preventDefault();\n      \/\/charge les donn\u00e9es suivantes\n      if(!_loading){\n        $(\"body\").addClass(\"loading\");\n        $('#more_results').hide();\n        \/\/incr\u00e9mente la pagination\n        $('#search_menu :input[name=\"start\"]').val(parseInt($('#search_menu :input[name=\"start\"]').val())+parseInt($('#search_menu :input[name=\"limit\"]').val()));\n        lanceajax(false, 'annuaire_pagination');\n        _loading = true;\n      }\n      return false;\n    });\n    \n    $('.categorie_term :checkbox').click(function(){\n      if($(this).is(':checked')){\n        $(this).parent('li').addClass('checked');\n      }\n      else{\n        $(this).parent('li').removeClass('checked');\n      }\n    });\n  });\n<\/script>\n<section id=\"competences\" class=\"container\">\n  <div class=\"row\">\n    <div class=\"col-md-3\" id=\"left_col\">\n      <form role=\"search\" id=\"search_menu\" class=\"rech_customposts\" onsubmit=\"lanceajax(); return false;\">\n        <input type=\"hidden\" name=\"post_type\" value=\"annuaire\" \/>\n        <input type=\"hidden\" name=\"start\" value=\"0\" \/>\n        <input type=\"hidden\" name=\"limit\" value=\"20\" \/>\n        <input type=\"text\" name=\"rech\" id=\"search_competence\" placeholder=\"Rechercher\" \/>\n        <button type=\"submit\" class=\"btn btn-default\"><i class=\"fa fa-lg fa-search\" aria-hidden=\"true\"><\/i><\/button>\n      <\/form>\n      <!-- affichage des hashtags repr\u00e9sent\u00e9s par categ\/sous categ -->\n      <div class=\"navbar navbar-default\" role=\"navigation\" id=\"competence_menu\">\n          <div class=\"navbar-collapse sidebar-navbar-collapse\">\n          <ul class=\"nav navbar-nav\" id=\"sidenav01\">\n            <li class=\"arbios_categorie categorie_marche\"><div class=\"titre_categorie\">March\u00e9<\/div>\n              <ul>\n                              <li class=\"categorie_term\"><input type=\"checkbox\" name=\"cat_annuaire_marche[]\" value=\"environment\" \/><span>Environment<\/span><\/li>\n                              <li class=\"categorie_term\"><input type=\"checkbox\" name=\"cat_annuaire_marche[]\" value=\"food-processing-industry\" \/><span>Food-processing industry<\/span><\/li>\n                              <li class=\"categorie_term\"><input type=\"checkbox\" name=\"cat_annuaire_marche[]\" value=\"advice\" \/><span>Advice<\/span><\/li>\n                              <li class=\"categorie_term\"><input type=\"checkbox\" name=\"cat_annuaire_marche[]\" value=\"cosmetics\" \/><span>Cosmetics<\/span><\/li>\n                              <li class=\"categorie_term\"><input type=\"checkbox\" name=\"cat_annuaire_marche[]\" value=\"health\" \/><span>Health<\/span><\/li>\n                            <\/ul>\n            <\/li>\n            <li class=\"arbios_categorie categorie_technologie\"><div class=\"titre_categorie\">Technologie<\/div>\n              <ul>\n                              <li class=\"categorie_term\"><input type=\"checkbox\" name=\"cat_annuaire_technologie[]\" value=\"drugs\" \/><span>Drugs<\/span><\/li>\n                              <li class=\"categorie_term\"><input type=\"checkbox\" name=\"cat_annuaire_technologie[]\" value=\"formulation-en\" \/><span>formulation<\/span><\/li>\n                              <li class=\"categorie_term\"><input type=\"checkbox\" name=\"cat_annuaire_technologie[]\" value=\"implantology\" \/><span>Implantology<\/span><\/li>\n                              <li class=\"categorie_term\"><input type=\"checkbox\" name=\"cat_annuaire_technologie[]\" value=\"analytical-service\" \/><span>Analytical service<\/span><\/li>\n                              <li class=\"categorie_term\"><input type=\"checkbox\" name=\"cat_annuaire_technologie[]\" value=\"biotherapeutic\" \/><span>Biotherapeutic<\/span><\/li>\n                              <li class=\"categorie_term\"><input type=\"checkbox\" name=\"cat_annuaire_technologie[]\" value=\"cellular-biology\" \/><span>Cellular biology<\/span><\/li>\n                              <li class=\"categorie_term\"><input type=\"checkbox\" name=\"cat_annuaire_technologie[]\" value=\"medicaments-en\" \/><span>M\u00e9dicaments<\/span><\/li>\n                              <li class=\"categorie_term\"><input type=\"checkbox\" name=\"cat_annuaire_technologie[]\" value=\"nutrition-animale\" \/><span>Nutrition animale<\/span><\/li>\n                              <li class=\"categorie_term\"><input type=\"checkbox\" name=\"cat_annuaire_technologie[]\" value=\"agronomy\" \/><span>Agronomy<\/span><\/li>\n                              <li class=\"categorie_term\"><input type=\"checkbox\" name=\"cat_annuaire_technologie[]\" value=\"analgesia\" \/><span>Analgesia<\/span><\/li>\n                              <li class=\"categorie_term\"><input type=\"checkbox\" name=\"cat_annuaire_technologie[]\" value=\"analytical-equipment\" \/><span>Analytical equipment<\/span><\/li>\n                              <li class=\"categorie_term\"><input type=\"checkbox\" name=\"cat_annuaire_technologie[]\" value=\"biofilm-en\" \/><span>Biofilm<\/span><\/li>\n                              <li class=\"categorie_term\"><input type=\"checkbox\" name=\"cat_annuaire_technologie[]\" value=\"bioinformatics\" \/><span>Bioinformatics<\/span><\/li>\n                              <li class=\"categorie_term\"><input type=\"checkbox\" name=\"cat_annuaire_technologie[]\" value=\"breadmaking\" \/><span>Breadmaking<\/span><\/li>\n                              <li class=\"categorie_term\"><input type=\"checkbox\" name=\"cat_annuaire_technologie[]\" value=\"chemical-analysis\" \/><span>Chemical analysis<\/span><\/li>\n                              <li class=\"categorie_term\"><input type=\"checkbox\" name=\"cat_annuaire_technologie[]\" value=\"chemistry-and-or-biochemistry\" \/><span>Chemistry and\/or biochemistry<\/span><\/li>\n                              <li class=\"categorie_term\"><input type=\"checkbox\" name=\"cat_annuaire_technologie[]\" value=\"chemistry-synthesis\" \/><span>Chemistry synthesis<\/span><\/li>\n                              <li class=\"categorie_term\"><input type=\"checkbox\" name=\"cat_annuaire_technologie[]\" value=\"cluster-group\" \/><span>Cluster \/ group<\/span><\/li>\n                              <li class=\"categorie_term\"><input type=\"checkbox\" name=\"cat_annuaire_technologie[]\" value=\"electrophysiological\" \/><span>Electrophysiological<\/span><\/li>\n                              <li class=\"categorie_term\"><input type=\"checkbox\" name=\"cat_annuaire_technologie[]\" value=\"ent\" \/><span>ENT<\/span><\/li>\n                              <li class=\"categorie_term\"><input type=\"checkbox\" name=\"cat_annuaire_technologie[]\" value=\"galenic\" \/><span>Galenic<\/span><\/li>\n                              <li class=\"categorie_term\"><input type=\"checkbox\" name=\"cat_annuaire_technologie[]\" value=\"genomic-analysis\" \/><span>Genomic analysis<\/span><\/li>\n                              <li class=\"categorie_term\"><input type=\"checkbox\" name=\"cat_annuaire_technologie[]\" value=\"green-chemistry\" \/><span>Green chemistry<\/span><\/li>\n                              <li class=\"categorie_term\"><input type=\"checkbox\" name=\"cat_annuaire_technologie[]\" value=\"hemodialysis\" \/><span>Hemodialysis<\/span><\/li>\n                              <li class=\"categorie_term\"><input type=\"checkbox\" name=\"cat_annuaire_technologie[]\" value=\"medical-equipment\" \/><span>Medical equipment<\/span><\/li>\n                              <li class=\"categorie_term\"><input type=\"checkbox\" name=\"cat_annuaire_technologie[]\" value=\"methanation\" \/><span>Methanation<\/span><\/li>\n                              <li class=\"categorie_term\"><input type=\"checkbox\" name=\"cat_annuaire_technologie[]\" value=\"microbiology\" \/><span>Microbiology<\/span><\/li>\n                              <li class=\"categorie_term\"><input type=\"checkbox\" name=\"cat_annuaire_technologie[]\" value=\"neuro-remediation-en\" \/><span>Neuro-remediation<\/span><\/li>\n                              <li class=\"categorie_term\"><input type=\"checkbox\" name=\"cat_annuaire_technologie[]\" value=\"nutrition-en\" \/><span>Nutrition<\/span><\/li>\n                              <li class=\"categorie_term\"><input type=\"checkbox\" name=\"cat_annuaire_technologie[]\" value=\"pharmacology\" \/><span>Pharmacology<\/span><\/li>\n                              <li class=\"categorie_term\"><input type=\"checkbox\" name=\"cat_annuaire_technologie[]\" value=\"quality\" \/><span>Quality<\/span><\/li>\n                              <li class=\"categorie_term\"><input type=\"checkbox\" name=\"cat_annuaire_technologie[]\" value=\"radiopharmaceutical\" \/><span>Radiopharmaceutical<\/span><\/li>\n                              <li class=\"categorie_term\"><input type=\"checkbox\" name=\"cat_annuaire_technologie[]\" value=\"seed\" \/><span>Seed<\/span><\/li>\n                              <li class=\"categorie_term\"><input type=\"checkbox\" name=\"cat_annuaire_technologie[]\" value=\"sterilization\" \/><span>Sterilization<\/span><\/li>\n                              <li class=\"categorie_term\"><input type=\"checkbox\" name=\"cat_annuaire_technologie[]\" value=\"studies-engineering\" \/><span>Studies \/ engineering<\/span><\/li>\n                            <\/ul>\n            <\/li>\n            <li class=\"arbios_categorie categorie_site\"><div class=\"titre_categorie\">Site<\/div>\n              <ul>\n                              <li class=\"categorie_term\"><input type=\"checkbox\" name=\"cat_annuaire_site[]\" value=\"biopole-clermont-limagne-en\" \/><span>Biop\u00f4le Clermont-Limagne<\/span><\/li>\n                              <li class=\"categorie_term\"><input type=\"checkbox\" name=\"cat_annuaire_site[]\" value=\"bioparc-vichy-hauterive-en\" \/><span>Bioparc Vichy-Hauterive<\/span><\/li>\n                              <li class=\"categorie_term\"><input type=\"checkbox\" name=\"cat_annuaire_site[]\" value=\"naturopole-nutrition-sante-en\" \/><span>Naturop\u00f4le Nutrition Sant\u00e9<\/span><\/li>\n                              <li class=\"categorie_term\"><input type=\"checkbox\" name=\"cat_annuaire_site[]\" value=\"others\" \/><span>Others<\/span><\/li>\n                            <\/ul>\n            <\/li>\n          <\/ul>\n        <\/div>\n      <\/div>\n    <\/div>\n\n    <div class=\"col-md-9\" id=\"right_col\">\n      <div class=\"row\" id=\"result_ajax\">\n        <!-- ici seront ins\u00e9r\u00e9s les r\u00e9sultats -->\n      <\/div>\n      <div class=\"row\" id=\"more_results\">\n        <div class=\"col-md-12\"><a href=\"#\">Plus de r\u00e9sultats<\/a><\/div>\n      <\/div>\n    <\/div>\n  <\/div>\n<\/section>\n<div class=\"waiting_modal\"><\/div>\n<div class=\"modalcompetence modal fade\" id=\"competenceModal\" tabindex=\"-1\" role=\"dialog\" aria-labelledby=\"myModalLabel\" aria-hidden=\"true\"><\/div>\n[\/vc_column][\/vc_row]<\/p>\n<\/div>","protected":false},"excerpt":{"rendered":"<p>[vc_row][vc_column][vc_column_text] Directory [\/vc_column_text][vc_column_text] Search by name and criteria companies and organizations of the ARBIOS network [\/vc_column_text][vc_empty_space][\/vc_column][\/vc_row]<\/p>\n","protected":false},"author":1,"featured_media":0,"parent":0,"menu_order":0,"comment_status":"closed","ping_status":"closed","template":"","meta":{"_acf_changed":false,"footnotes":""},"class_list":["post-992","page","type-page","status-publish","hentry"],"acf":[],"yoast_head":"<!-- This site is optimized with the Yoast SEO plugin v26.9 - https:\/\/yoast.com\/product\/yoast-seo-wordpress\/ -->\n<title>Directory - Arbios<\/title>\n<meta name=\"robots\" content=\"index, follow, max-snippet:-1, max-image-preview:large, max-video-preview:-1\" \/>\n<link rel=\"canonical\" href=\"https:\/\/www.arbios.org\/en\/directory\/\" \/>\n<meta property=\"og:locale\" content=\"en_US\" \/>\n<meta property=\"og:type\" content=\"article\" \/>\n<meta property=\"og:title\" content=\"Directory - Arbios\" \/>\n<meta property=\"og:description\" content=\"[vc_row][vc_column][vc_column_text] Directory [\/vc_column_text][vc_column_text] Search by name and criteria companies and organizations of the ARBIOS network [\/vc_column_text][vc_empty_space][\/vc_column][\/vc_row]\" \/>\n<meta property=\"og:url\" content=\"https:\/\/www.arbios.org\/en\/directory\/\" \/>\n<meta property=\"og:site_name\" content=\"Arbios\" \/>\n<meta name=\"twitter:card\" content=\"summary_large_image\" \/>\n<script type=\"application\/ld+json\" class=\"yoast-schema-graph\">{\"@context\":\"https:\/\/schema.org\",\"@graph\":[{\"@type\":\"WebPage\",\"@id\":\"https:\/\/www.arbios.org\/en\/directory\/\",\"url\":\"https:\/\/www.arbios.org\/en\/directory\/\",\"name\":\"Directory - Arbios\",\"isPartOf\":{\"@id\":\"https:\/\/www.arbios.org\/#website\"},\"datePublished\":\"2017-06-06T08:13:44+00:00\",\"breadcrumb\":{\"@id\":\"https:\/\/www.arbios.org\/en\/directory\/#breadcrumb\"},\"inLanguage\":\"en-US\",\"potentialAction\":[{\"@type\":\"ReadAction\",\"target\":[\"https:\/\/www.arbios.org\/en\/directory\/\"]}]},{\"@type\":\"BreadcrumbList\",\"@id\":\"https:\/\/www.arbios.org\/en\/directory\/#breadcrumb\",\"itemListElement\":[{\"@type\":\"ListItem\",\"position\":1,\"name\":\"Accueil\",\"item\":\"https:\/\/www.arbios.org\/en\/\"},{\"@type\":\"ListItem\",\"position\":2,\"name\":\"Directory\"}]},{\"@type\":\"WebSite\",\"@id\":\"https:\/\/www.arbios.org\/#website\",\"url\":\"https:\/\/www.arbios.org\/\",\"name\":\"Arbios\",\"description\":\"\",\"potentialAction\":[{\"@type\":\"SearchAction\",\"target\":{\"@type\":\"EntryPoint\",\"urlTemplate\":\"https:\/\/www.arbios.org\/?s={search_term_string}\"},\"query-input\":{\"@type\":\"PropertyValueSpecification\",\"valueRequired\":true,\"valueName\":\"search_term_string\"}}],\"inLanguage\":\"en-US\"}]}<\/script>\n<!-- \/ Yoast SEO plugin. -->","yoast_head_json":{"title":"Directory - Arbios","robots":{"index":"index","follow":"follow","max-snippet":"max-snippet:-1","max-image-preview":"max-image-preview:large","max-video-preview":"max-video-preview:-1"},"canonical":"https:\/\/www.arbios.org\/en\/directory\/","og_locale":"en_US","og_type":"article","og_title":"Directory - Arbios","og_description":"[vc_row][vc_column][vc_column_text] Directory [\/vc_column_text][vc_column_text] Search by name and criteria companies and organizations of the ARBIOS network [\/vc_column_text][vc_empty_space][\/vc_column][\/vc_row]","og_url":"https:\/\/www.arbios.org\/en\/directory\/","og_site_name":"Arbios","twitter_card":"summary_large_image","schema":{"@context":"https:\/\/schema.org","@graph":[{"@type":"WebPage","@id":"https:\/\/www.arbios.org\/en\/directory\/","url":"https:\/\/www.arbios.org\/en\/directory\/","name":"Directory - Arbios","isPartOf":{"@id":"https:\/\/www.arbios.org\/#website"},"datePublished":"2017-06-06T08:13:44+00:00","breadcrumb":{"@id":"https:\/\/www.arbios.org\/en\/directory\/#breadcrumb"},"inLanguage":"en-US","potentialAction":[{"@type":"ReadAction","target":["https:\/\/www.arbios.org\/en\/directory\/"]}]},{"@type":"BreadcrumbList","@id":"https:\/\/www.arbios.org\/en\/directory\/#breadcrumb","itemListElement":[{"@type":"ListItem","position":1,"name":"Accueil","item":"https:\/\/www.arbios.org\/en\/"},{"@type":"ListItem","position":2,"name":"Directory"}]},{"@type":"WebSite","@id":"https:\/\/www.arbios.org\/#website","url":"https:\/\/www.arbios.org\/","name":"Arbios","description":"","potentialAction":[{"@type":"SearchAction","target":{"@type":"EntryPoint","urlTemplate":"https:\/\/www.arbios.org\/?s={search_term_string}"},"query-input":{"@type":"PropertyValueSpecification","valueRequired":true,"valueName":"search_term_string"}}],"inLanguage":"en-US"}]}},"_links":{"self":[{"href":"https:\/\/www.arbios.org\/en\/wp-json\/wp\/v2\/pages\/992","targetHints":{"allow":["GET"]}}],"collection":[{"href":"https:\/\/www.arbios.org\/en\/wp-json\/wp\/v2\/pages"}],"about":[{"href":"https:\/\/www.arbios.org\/en\/wp-json\/wp\/v2\/types\/page"}],"author":[{"embeddable":true,"href":"https:\/\/www.arbios.org\/en\/wp-json\/wp\/v2\/users\/1"}],"replies":[{"embeddable":true,"href":"https:\/\/www.arbios.org\/en\/wp-json\/wp\/v2\/comments?post=992"}],"version-history":[{"count":1,"href":"https:\/\/www.arbios.org\/en\/wp-json\/wp\/v2\/pages\/992\/revisions"}],"predecessor-version":[{"id":993,"href":"https:\/\/www.arbios.org\/en\/wp-json\/wp\/v2\/pages\/992\/revisions\/993"}],"wp:attachment":[{"href":"https:\/\/www.arbios.org\/en\/wp-json\/wp\/v2\/media?parent=992"}],"curies":[{"name":"wp","href":"https:\/\/api.w.org\/{rel}","templated":true}]}}